{"id":1097,"date":"2024-03-10T10:23:23","date_gmt":"2024-03-10T09:23:23","guid":{"rendered":"http:\/\/hinkelstein.ch\/blog\/?page_id=1097"},"modified":"2024-06-09T12:50:35","modified_gmt":"2024-06-09T11:50:35","slug":"ein-traum-zerbricht","status":"publish","type":"page","link":"http:\/\/hinkelstein.ch\/blog\/ein-traum-zerbricht\/","title":{"rendered":"Ein Traum zerbricht"},"content":{"rendered":"<div id=\"fb-root\"><\/div>\n\n<p>Voller Elan, Motivation und Begeisterung habe ich der \u00abAVA\u00bb ein neues Zuhause verschafft und N\u00e4chte lang davon getr\u00e4umt, geplant, \u00fcberlegt und die Sehnsucht gen\u00e4hrt, dass die \u00abAVA\u00bb eines Tages wieder in ihrem Element schwimmt.<\/p>\n\n\n\n<p>Verschiedenste Umst\u00e4nde lassen mich nun schweren Herzens zur Einsicht kommen, dass mein Vorhaben ein Traum bleiben wird, mindestens erwecken nicht meine H\u00e4nde diesen Traum zum Leben.<\/p>\n\n\n\n<p>Wer m\u00f6chte also &#8211; und traut sich das auch zu &#8211; die \u00abAva\u00bb zu \u00fcbernehmen, jede Schraube wieder an seinen Ort zu setzen, sich mit allem was dazu geh\u00f6rt auseinanderzusetzen, so dass dieses Schmuckst\u00fcck wieder auf See ihr Zuhause hat? Habe ich deine Sehnsucht geweckt? Ich w\u00fcrde mich freuen!<\/p>\n\n\n\n<p>Ernst interessierte Segler und Seglerinnen melden sich gerne \u00fcber das unten folgende Kontaktformular bei uns!<\/p>\n\n\n\n<figure class=\"wp-block-image size-large\"><img loading=\"lazy\" decoding=\"async\" width=\"1024\" height=\"683\" data-attachment-id=\"1099\" data-permalink=\"http:\/\/hinkelstein.ch\/blog\/ein-traum-zerbricht\/attachment\/ava-2\/\" data-orig-file=\"https:\/\/i0.wp.com\/hinkelstein.ch\/blog\/wp-content\/uploads\/2024\/03\/AVA.jpg?fit=1280%2C854\" data-orig-size=\"1280,854\" data-comments-opened=\"1\" data-image-meta=\"{&quot;aperture&quot;:&quot;10&quot;,&quot;credit&quot;:&quot;&quot;,&quot;camera&quot;:&quot;Canon EOS 450D&quot;,&quot;caption&quot;:&quot;&quot;,&quot;created_timestamp&quot;:&quot;1441465005&quot;,&quot;copyright&quot;:&quot;&quot;,&quot;focal_length&quot;:&quot;18&quot;,&quot;iso&quot;:&quot;200&quot;,&quot;shutter_speed&quot;:&quot;0.004&quot;,&quot;title&quot;:&quot;&quot;,&quot;orientation&quot;:&quot;1&quot;}\" data-image-title=\"AVA\" data-image-description=\"\" data-image-caption=\"\" data-medium-file=\"https:\/\/i0.wp.com\/hinkelstein.ch\/blog\/wp-content\/uploads\/2024\/03\/AVA.jpg?fit=300%2C200\" data-large-file=\"https:\/\/i0.wp.com\/hinkelstein.ch\/blog\/wp-content\/uploads\/2024\/03\/AVA.jpg?fit=1024%2C683\" src=\"https:\/\/i0.wp.com\/hinkelstein.ch\/blog\/wp-content\/uploads\/2024\/03\/AVA.jpg?resize=1024%2C683\" alt=\"\" class=\"wp-image-1099\" srcset=\"https:\/\/i0.wp.com\/hinkelstein.ch\/blog\/wp-content\/uploads\/2024\/03\/AVA.jpg?resize=1024%2C683 1024w, https:\/\/i0.wp.com\/hinkelstein.ch\/blog\/wp-content\/uploads\/2024\/03\/AVA.jpg?resize=300%2C200 300w, https:\/\/i0.wp.com\/hinkelstein.ch\/blog\/wp-content\/uploads\/2024\/03\/AVA.jpg?resize=768%2C512 768w, https:\/\/i0.wp.com\/hinkelstein.ch\/blog\/wp-content\/uploads\/2024\/03\/AVA.jpg?w=1280 1280w\" sizes=\"(max-width: 1000px) 100vw, 1000px\" data-recalc-dims=\"1\" \/><\/figure>\n\n\n\n<p><strong>Hier gehts direkt zu den weiteren Informationen:<\/strong><\/p>\n\n\n<nav class=\"is-responsive wp-block-navigation is-layout-flex wp-block-navigation-is-layout-flex\" aria-label=\"Standard\" \n\t\t\tdata-wp-interactive\n\t\t\tdata-wp-context='{\"core\":{\"navigation\":{\"overlayOpenedBy\":[],\"type\":\"overlay\",\"roleAttribute\":\"\",\"ariaLabel\":\"Men\\u00fc\"}}}'\n\t\t><button aria-haspopup=\"true\" aria-label=\"Men\u00fc \u00f6ffnen\" class=\"wp-block-navigation__responsive-container-open \" \n\t\t\tdata-wp-on--click=\"actions.core.navigation.openMenuOnClick\"\n\t\t\tdata-wp-on--keydown=\"actions.core.navigation.handleMenuKeydown\"\n\t\t><svg width=\"24\" height=\"24\" xmlns=\"http:\/\/www.w3.org\/2000\/svg\" viewBox=\"0 0 24 24\" aria-hidden=\"true\" focusable=\"false\"><rect x=\"4\" y=\"7.5\" width=\"16\" height=\"1.5\" \/><rect x=\"4\" y=\"15\" width=\"16\" height=\"1.5\" \/><\/svg><\/button>\n\t\t\t<div class=\"wp-block-navigation__responsive-container  \" style=\"\" id=\"modal-1\" \n\t\t\tdata-wp-class--has-modal-open=\"selectors.core.navigation.isMenuOpen\"\n\t\t\tdata-wp-class--is-menu-open=\"selectors.core.navigation.isMenuOpen\"\n\t\t\tdata-wp-effect=\"effects.core.navigation.initMenu\"\n\t\t\tdata-wp-on--keydown=\"actions.core.navigation.handleMenuKeydown\"\n\t\t\tdata-wp-on--focusout=\"actions.core.navigation.handleMenuFocusout\"\n\t\t\ttabindex=\"-1\"\n\t\t>\n\t\t\t\t<div class=\"wp-block-navigation__responsive-close\" tabindex=\"-1\">\n\t\t\t\t\t<div class=\"wp-block-navigation__responsive-dialog\" \n\t\t\tdata-wp-bind--aria-modal=\"selectors.core.navigation.ariaModal\"\n\t\t\tdata-wp-bind--aria-label=\"selectors.core.navigation.ariaLabel\"\n\t\t\tdata-wp-bind--role=\"selectors.core.navigation.roleAttribute\"\n\t\t\tdata-wp-effect=\"effects.core.navigation.focusFirstElement\"\n\t\t>\n\t\t\t\t\t\t\t<button aria-label=\"Men\u00fc schlie\u00dfen\" class=\"wp-block-navigation__responsive-container-close\" \n\t\t\tdata-wp-on--click=\"actions.core.navigation.closeMenuOnClick\"\n\t\t><svg xmlns=\"http:\/\/www.w3.org\/2000\/svg\" viewBox=\"0 0 24 24\" width=\"24\" height=\"24\" aria-hidden=\"true\" focusable=\"false\"><path d=\"M13 11.8l6.1-6.3-1-1-6.1 6.2-6.1-6.2-1 1 6.1 6.3-6.5 6.7 1 1 6.5-6.6 6.5 6.6 1-1z\"><\/path><\/svg><\/button>\n\t\t\t\t\t\t<div class=\"wp-block-navigation__responsive-container-content\" id=\"modal-1-content\">\n\t\t\t\t\t\t\t<ul class=\"wp-block-navigation__container is-responsive wp-block-navigation\"><li class=\" wp-block-navigation-item wp-block-navigation-link\"><a class=\"wp-block-navigation-item__content\"  href=\"http:\/\/hinkelstein.ch\/blog\/ava\/daten\/\"><span class=\"wp-block-navigation-item__label\">Daten<\/span><\/a><\/li><li class=\" wp-block-navigation-item wp-block-navigation-link\"><a class=\"wp-block-navigation-item__content\"  href=\"http:\/\/hinkelstein.ch\/blog\/ava\/refit-uebersicht\/\"><span class=\"wp-block-navigation-item__label\">Refit \u00dcbersicht<\/span><\/a><\/li><li class=\" wp-block-navigation-item wp-block-navigation-link\"><a class=\"wp-block-navigation-item__content\"  href=\"http:\/\/hinkelstein.ch\/blog\/ava\/geschichte\/\"><span class=\"wp-block-navigation-item__label\">Geschichte<\/span><\/a><\/li><\/ul>\n\t\t\t\t\t\t<\/div>\n\t\t\t\t\t<\/div>\n\t\t\t\t<\/div>\n\t\t\t<\/div><\/nav>\n\n\n<p>(Hinweis: Die \u00abAVA\u00bb befindet sich in S\u00fcddeutschland)<\/p>\n\n\n\n<div class=\"wp-block-contact-form-7-contact-form-selector\">\n<div class=\"wpcf7 no-js\" id=\"wpcf7-f27-o1\" lang=\"de-DE\" dir=\"ltr\">\n<div class=\"screen-reader-response\"><p role=\"status\" aria-live=\"polite\" aria-atomic=\"true\"><\/p> <ul><\/ul><\/div>\n<form action=\"\/blog\/wp-json\/wp\/v2\/pages\/1097#wpcf7-f27-o1\" method=\"post\" class=\"wpcf7-form init\" aria-label=\"Kontaktformular\" novalidate=\"novalidate\" data-status=\"init\">\n<div style=\"display: none;\">\n<input type=\"hidden\" name=\"_wpcf7\" value=\"27\" \/>\n<input type=\"hidden\" name=\"_wpcf7_version\" value=\"5.9\" \/>\n<input type=\"hidden\" name=\"_wpcf7_locale\" value=\"de_DE\" \/>\n<input type=\"hidden\" name=\"_wpcf7_unit_tag\" value=\"wpcf7-f27-o1\" \/>\n<input type=\"hidden\" name=\"_wpcf7_container_post\" value=\"0\" \/>\n<input type=\"hidden\" name=\"_wpcf7_posted_data_hash\" value=\"\" \/>\n<input type=\"hidden\" name=\"_wpcf7_recaptcha_response\" value=\"\" \/>\n<\/div>\n<p>Ihr Name (Pflichtfeld)\n<\/p>\n<p><span class=\"wpcf7-form-control-wrap\" data-name=\"your-name\"><input size=\"40\" class=\"wpcf7-form-control wpcf7-text wpcf7-validates-as-required\" aria-required=\"true\" aria-invalid=\"false\" value=\"\" type=\"text\" name=\"your-name\" \/><\/span>\n<\/p>\n<p>Ihre E-Mail-Adresse (Pflichtfeld)\n<\/p>\n<p><span class=\"wpcf7-form-control-wrap\" data-name=\"your-email\"><input size=\"40\" class=\"wpcf7-form-control wpcf7-email wpcf7-validates-as-required wpcf7-text wpcf7-validates-as-email\" aria-required=\"true\" aria-invalid=\"false\" value=\"\" type=\"email\" name=\"your-email\" \/><\/span>\n<\/p>\n<p>Betreff\n<\/p>\n<p><span class=\"wpcf7-form-control-wrap\" data-name=\"your-subject\"><input size=\"40\" class=\"wpcf7-form-control wpcf7-text\" aria-invalid=\"false\" value=\"\" type=\"text\" name=\"your-subject\" \/><\/span>\n<\/p>\n<p>Ihre Nachricht\n<\/p>\n<p><span class=\"wpcf7-form-control-wrap\" data-name=\"your-message\"><textarea cols=\"40\" rows=\"10\" class=\"wpcf7-form-control wpcf7-textarea\" aria-invalid=\"false\" name=\"your-message\"><\/textarea><\/span>\n<\/p>\n<p><input class=\"wpcf7-form-control wpcf7-submit has-spinner\" type=\"submit\" value=\"Senden\" \/>\n<\/p><p style=\"display: none !important;\" class=\"akismet-fields-container\" data-prefix=\"_wpcf7_ak_\"><label>&#916;<textarea name=\"_wpcf7_ak_hp_textarea\" cols=\"45\" rows=\"8\" maxlength=\"100\"><\/textarea><\/label><input type=\"hidden\" id=\"ak_js_1\" name=\"_wpcf7_ak_js\" value=\"199\"\/><script>document.getElementById( \"ak_js_1\" ).setAttribute( \"value\", ( new Date() ).getTime() );<\/script><\/p><div class=\"wpcf7-response-output\" aria-hidden=\"true\"><\/div>\n<\/form>\n<\/div>\n<\/div>\n","protected":false},"excerpt":{"rendered":"<p>Voller Elan, Motivation und Begeisterung habe ich der \u00abAVA\u00bb ein neues Zuhause verschafft und N\u00e4chte lang davon getr\u00e4umt, geplant, \u00fcberlegt und die Sehnsucht gen\u00e4hrt, dass die \u00abAVA\u00bb eines Tages wieder in ihrem Element schwimmt. Verschiedenste Umst\u00e4nde lassen mich nun schweren Herzens zur Einsicht kommen, dass mein Vorhaben ein Traum bleiben wird, mindestens erwecken nicht meine [&hellip;]<\/p>\n","protected":false},"author":1,"featured_media":1099,"parent":0,"menu_order":0,"comment_status":"closed","ping_status":"closed","template":"","meta":{"jetpack_post_was_ever_published":false,"footnotes":""},"jetpack_sharing_enabled":true,"jetpack_shortlink":"https:\/\/wp.me\/P7nGwI-hH","jetpack-related-posts":[],"_links":{"self":[{"href":"http:\/\/hinkelstein.ch\/blog\/wp-json\/wp\/v2\/pages\/1097"}],"collection":[{"href":"http:\/\/hinkelstein.ch\/blog\/wp-json\/wp\/v2\/pages"}],"about":[{"href":"http:\/\/hinkelstein.ch\/blog\/wp-json\/wp\/v2\/types\/page"}],"author":[{"embeddable":true,"href":"http:\/\/hinkelstein.ch\/blog\/wp-json\/wp\/v2\/users\/1"}],"replies":[{"embeddable":true,"href":"http:\/\/hinkelstein.ch\/blog\/wp-json\/wp\/v2\/comments?post=1097"}],"version-history":[{"count":13,"href":"http:\/\/hinkelstein.ch\/blog\/wp-json\/wp\/v2\/pages\/1097\/revisions"}],"predecessor-version":[{"id":1124,"href":"http:\/\/hinkelstein.ch\/blog\/wp-json\/wp\/v2\/pages\/1097\/revisions\/1124"}],"wp:featuredmedia":[{"embeddable":true,"href":"http:\/\/hinkelstein.ch\/blog\/wp-json\/wp\/v2\/media\/1099"}],"wp:attachment":[{"href":"http:\/\/hinkelstein.ch\/blog\/wp-json\/wp\/v2\/media?parent=1097"}],"curies":[{"name":"wp","href":"https:\/\/api.w.org\/{rel}","templated":true}]}}